{"id":55,"date":"2019-08-07T14:36:37","date_gmt":"2019-08-07T11:36:37","guid":{"rendered":"http:\/\/www.emelyurdakul.com\/?page_id=55"},"modified":"2023-10-04T15:20:17","modified_gmt":"2023-10-04T12:20:17","slug":"about-me","status":"publish","type":"page","link":"https:\/\/www.emelyurdakul.com\/en\/about-me\/","title":{"rendered":"About Me"},"content":{"rendered":"<p><img loading=\"lazy\" decoding=\"async\" class=\"size-medium wp-image-280 alignleft\" src=\"http:\/\/www.emelyurdakul.com\/wp-content\/uploads\/2019\/09\/DSC01156-300x170.jpg\" alt=\"\" width=\"300\" height=\"170\" srcset=\"https:\/\/www.emelyurdakul.com\/en\/wp-content\/uploads\/2019\/09\/DSC01156-300x170.jpg 300w, https:\/\/www.emelyurdakul.com\/en\/wp-content\/uploads\/2019\/09\/DSC01156-768x436.jpg 768w, https:\/\/www.emelyurdakul.com\/en\/wp-content\/uploads\/2019\/09\/DSC01156-1024x582.jpg 1024w\" sizes=\"auto, (max-width: 300px) 100vw, 300px\" \/>After completing my primary and high school education in \u00c7anakkale, I completed my medical education, which I started in 1997, at Uluda\u011f University Faculty of Medicine in 2003. Due to my interest in aesthetic operations, I received my specialty in 2009 from Trakya University Faculty of Medicine, Department of Plastic, Reconstructive and Aesthetic Surgery, where I started my plastic surgery specialty training. After Istanbul Dr. L\u00fctfi K\u0131rdar Kartal Training and Research Hospital and Afyonkarahisar State Hospital, where I completed my state service obligation, I worked at Istanbul Kartal Yavuz Selim State Hospital until 2015.<\/p>\n<p>As of May 2017, I started accepting patients in my office at Maltepe, Istanbul Plazas. With the year 2019, I continue to accept patients by updating my office to a larger clinic in the same plaza. You can contact +90 530 0875933 and +90 216 3051412 for appointments and information about all current aesthetic surgeries and applications, as well as breast and nose aesthetics, which I am particularly interest.<\/p>\n<ul>\n<li>She was born in 1979 in Bayrami\u00e7 district of \u00c7anakkale.<\/li>\n<li>She completed her primary and high school education in \u00c7anakkale. She graduated from \u00c7anakkale Health Vocational High School with first place.<\/li>\n<li>She completed her medical education at Uluda\u011f University Faculty of Medicine as the second runner-up.<\/li>\n<li>She completed her Aesthetic, Plastic and Reconstructive Surgery Specialization training at Trakya University Faculty of Medicine.<\/li>\n<li>She worked at Dr. L\u00fctfi K\u0131rdar Kartal Training and Research Hospital and Ba\u011fc\u0131lar Training and Research Hospital respectively between 2010-11 as a state service obligation.<\/li>\n<li>She completed her state service obligation at Afyonkarahisar State Hospital between 2011-12.<\/li>\n<li>She worked at Kartal Yavuz Selim State Hospital between 2013-2016.<\/li>\n<li>She worked at Private Remedy Hospital and Private Mehmet Toprak Hospital between 2016-2017.<\/li>\n<li>As of 2017, she has been accepting patients in her office.<\/li>\n<\/ul>\n<p><strong>Courses Attended :<\/strong><\/p>\n<p>1.Trakya University Continuing Education Center, Scientific Research Training Course, 17.12.2004<\/p>\n<p>2.Istanbul University Animal Experiments Local Ethics Committee, Experimental Animal Use Course, April 28-May 9, 2008<\/p>\n<p>3.Turkish Society of Plastic, Reconstructive and Aesthetic Surgery, Hair Transplantation Course with FUE Technique, October 17, 2009<\/p>\n<p>4.Turkish Society of Plastic Reconstructive and Aesthetic Surgery, Oncologic Approach in Breast Cancer October 17, 2009<\/p>\n<p>5.Turkish Society of Plastic Reconstructive and Aesthetic Surgery III.Rhinoplasty Course,May 7-9, 2010<\/p>\n<p>6. Aesthetic Plastic Surgery Association, 2nd International Eurasia Aesthetic Plastic Surgery Course June 17-20, 2010<\/p>\n<p><strong>Scientific Publications :<\/strong><\/p>\n<p>1.Benlier E,Top H,Kandulu H,Yurdakul E Isolated uveltis a rare complication of electrical injury J Burn Care Res 2008 Sep-Oct,29(5) 856<\/p>\n<p>2.Benlier E.Al\u0131c\u0131o\u011flu B,Kandulu H,Yurdakul ES Top H. An unusual association of cutaneous myxoma with Favre-Racouchot syndrome,Prague Med Rep 2008,109(4)321-4<\/p>\n<p>3.Inal MT,Memis D,Top H ,Bahar M,\u00c7elik E,S\u0131kar EY,Kement B Late-onset pulmonary edema and disseminated intravascular coagulation due to latex anaphylaxis.Aesthetic Plast Surg 2010<br \/>\nJun:34(3):394-6<\/p>\n<p>4.Ayg\u0131t AC,Beniler E.Top H,Yalcin O,Huseyinova G,Kanter M,Cakir B,Yurdakul E The effects of thermal injury on immature rat ear cartilage JBurn Care Res,2010 Sep-Oct:31(5) 203-8<\/p>\n<p>5-Benlier E,Eskiocak,S.Puyan FO,S\u0131kar EY ,Kandulu H,Omurlu IK,TopH,Ayg\u0131t AC .Effect of lidocaine on reducing injury in a rat electrical burn model.Ann Plast Surg 2012 Aug:69 (2)152-6<\/p>\n<p>6-S\u0131kar HE, S\u0131kar EY. Evaluation of the patients treated due to burn injury in Afyonkarahisar State Hospital: a retrospective study. Kocaeli Med J 2018;7:92-5.<\/p>\n<p>7-S\u0131kar EY, S\u0131kar HE, Top H, Ayg\u0131t AC. Effects of Hyalobarrier gel and Seprafilm in preventing peritendinous adhesions following crush-type injury in a rat model. Ulus Travma Acil Cerrahi Derg 2019;25:93-8.<\/p>\n<p><strong>Oral Presentations :<\/strong><\/p>\n<p>1.Benlier E.Al\u0131c\u0131o\u011flu B,Kandulu H,S\u0131kar EY,Top H.Distally Placed Extensor Indicis Proprius Muscie With Ganglion Cyst In Wrist 6th Congress of the Balkan Association of Plastic Reconstructive and Aesthetic Surgery ,Abstract Book,2009 June p,44<\/p>\n<p>2.Top H,Benlier E,Kandulu H,S\u0131kar EY,Lipoma Of The Thump Pulp :A Rare Localization 6th Congress of the Balkan Association of Plastic ,Reconstructive and Aesthetic Surgery Abstract Book,2009 June:p.44-45<\/p>\n<p>3.Benlier E.S\u0131kar EY ,Kandulu H,Top H,Frontal Muscle Based Scalp Transposition Flap 6th Congress of the Balkan Association of Plastic ,Reconstructive and Aesthetic Surgery Abstract Book 2009 June p.76<\/p>\n<p>4.Benlier E,S\u0131kar EY,Kandulu H,Top H Maltoma Of The Parotid Gland A case report 6th Congress of the Balkan Association of Plastic ,Reconstructive and Aesthetic Surgery Abstract Book,2009 June\u00a0 p.76-77<\/p>\n<p>5.Benlier E,Top H,S\u0131kar EY,Eskiocak S,Puyan FO,Kandulu H,Kurt I ,Ayg\u0131t AC,Therapeutic Use of Lidocaine For Reducing Injury In Electrical Burn of Rat.6th Congress of the Balkan Association of Plastic ,Reconstructive and Aesthetic Surgery Abstract Book,2009 June p 105-106<\/p>\n<p>6.Ayg\u0131t AC.Benlier E,Top H,Yal\u00e7\u0131n O,Huseyinova G,Kanter M,\u00c7ak\u0131r B,S\u0131kar E,The Effect of Thermal Burn on Undeveloped Rat Ear Cartilage,30.Turkish Plastic Reconstructive and Aesthetic Surgery National Congress,Book of Abstracts 2008 October p.101<\/p>\n<p>7.Benlier E.Top H,Eskiocak S,\u00d6zpuyan F,S\u0131kar E,Kandulu H.Kurt I,Reduction of Damage with the Use of Lidocaine from Amide Group Local Anesthetics in Device AC Electrical Burn Model.30.Turkish Plastic Reconstructive and Aesthetic Surgery National Congress,Book of Abstracts,2008 October p.316<\/p>\n<p>8.Ayg\u0131t AC,S\u0131kar EY HE,Mercan\u015e,Sa\u011f\u0131r M,Epidemiology of Burns in Children and Socioeconomic Factors in Burn Occurrence 1,National Pediatric Burns Congress Proceedings Abstracts Book,2011 November p.50<\/p>\n","protected":false},"excerpt":{"rendered":"<p>After completing my primary and high school education in \u00c7anakkale, I completed my medical education, which I started in 1997, at Uluda\u011f University Faculty of Medicine in 2003. Due to my interest in aesthetic operations, I received my specialty in 2009 from Trakya University Faculty of Medicine, Department of Plastic, Reconstructive and Aesthetic Surgery, where [&hellip;]<\/p>\n","protected":false},"author":1,"featured_media":0,"parent":0,"menu_order":0,"comment_status":"closed","ping_status":"closed","template":"","meta":{"footnotes":""},"class_list":["post-55","page","type-page","status-publish","hentry"],"_links":{"self":[{"href":"https:\/\/www.emelyurdakul.com\/en\/wp-json\/wp\/v2\/pages\/55","targetHints":{"allow":["GET"]}}],"collection":[{"href":"https:\/\/www.emelyurdakul.com\/en\/wp-json\/wp\/v2\/pages"}],"about":[{"href":"https:\/\/www.emelyurdakul.com\/en\/wp-json\/wp\/v2\/types\/page"}],"author":[{"embeddable":true,"href":"https:\/\/www.emelyurdakul.com\/en\/wp-json\/wp\/v2\/users\/1"}],"replies":[{"embeddable":true,"href":"https:\/\/www.emelyurdakul.com\/en\/wp-json\/wp\/v2\/comments?post=55"}],"version-history":[{"count":8,"href":"https:\/\/www.emelyurdakul.com\/en\/wp-json\/wp\/v2\/pages\/55\/revisions"}],"predecessor-version":[{"id":306,"href":"https:\/\/www.emelyurdakul.com\/en\/wp-json\/wp\/v2\/pages\/55\/revisions\/306"}],"wp:attachment":[{"href":"https:\/\/www.emelyurdakul.com\/en\/wp-json\/wp\/v2\/media?parent=55"}],"curies":[{"name":"wp","href":"https:\/\/api.w.org\/{rel}","templated":true}]}}